{"id":2030,"date":"2017-11-09T12:01:14","date_gmt":"2017-11-09T11:01:14","guid":{"rendered":"http:\/\/www.essonne-massage.com\/massage\/?page_id=2030"},"modified":"2018-11-08T16:09:33","modified_gmt":"2018-11-08T15:09:33","slug":"carte-cadeau","status":"publish","type":"page","link":"https:\/\/www.essonne-massage.com\/massage\/carte-cadeau\/","title":{"rendered":"Coffret cadeau"},"content":{"rendered":"<p>[et_pb_section fb_built=\u00a0\u00bb1&Prime; fullwidth=\u00a0\u00bbon\u00a0\u00bb _builder_version=\u00a0\u00bb3.15&Prime; background_color=\u00a0\u00bbrgba(0,0,0,0.76)\u00a0\u00bb][et_pb_fullwidth_header title=\u00a0\u00bbCOFFRET CADEAU\u00a0\u00bb subhead=\u00a0\u00bbOFFREZ UN MOMENT D&rsquo;ATTENTION ET DE DOUCEUR A VOS PROCHES\u00a0\u00bb admin_label=\u00a0\u00bbEn-t\u00eate plein \u00e9cran CADEAU\u00a0\u00bb _builder_version=\u00a0\u00bb3.15&Prime; background_color=\u00a0\u00bbrgba(255, 255, 255, 0)\u00a0\u00bb background_image=\u00a0\u00bbhttp:\/\/www.essonne-massage.com\/massage\/wp-content\/uploads\/2017\/11\/Photobkdonoel.jpg\u00a0\u00bb background_layout=\u00a0\u00bblight\u00a0\u00bb child_filter_contrast=\u00a0\u00bb143%\u00a0\u00bb child_filter_sepia=\u00a0\u00bb87%\u00a0\u00bb subhead_font=\u00a0\u00bb||||||||\u00a0\u00bb subhead_text_color=\u00a0\u00bb#ffffff\u00a0\u00bb title_font=\u00a0\u00bb||||||||\u00a0\u00bb title_text_color=\u00a0\u00bb#ffffff\u00a0\u00bb]&nbsp;<br \/>\n[\/et_pb_fullwidth_header][\/et_pb_section][et_pb_section fb_built=\u00a0\u00bb1&Prime; _builder_version=\u00a0\u00bb3.15&Prime; background_color=\u00a0\u00bbrgba(204,204,204,0.5)\u00a0\u00bb custom_padding=\u00a0\u00bb49px|0px|0px|0px\u00a0\u00bb][et_pb_row custom_padding=\u00a0\u00bb0px|0px|0px|0px\u00a0\u00bb _builder_version=\u00a0\u00bb3.0.85&Prime; background_size=\u00a0\u00bbinitial\u00a0\u00bb background_position=\u00a0\u00bbtop_left\u00a0\u00bb background_repeat=\u00a0\u00bbrepeat\u00a0\u00bb][et_pb_column type=\u00a0\u00bb2_3&Prime; _builder_version=\u00a0\u00bb3.0.47&Prime; parallax=\u00a0\u00bboff\u00a0\u00bb parallax_method=\u00a0\u00bbon\u00a0\u00bb][et_pb_testimonial quote_icon_color=\u00a0\u00bb#ac0437&Prime; _builder_version=\u00a0\u00bb3.2&Prime; body_font=\u00a0\u00bbComfortaa||on||\u00a0\u00bb body_letter_spacing=\u00a0\u00bb1px\u00a0\u00bb background_size=\u00a0\u00bbinitial\u00a0\u00bb background_position=\u00a0\u00bbtop_left\u00a0\u00bb background_repeat=\u00a0\u00bbrepeat\u00a0\u00bb border_color_all=\u00a0\u00bb#8c4100&Prime; custom_padding=\u00a0\u00bb100px|50px|30px|50&Prime; use_border_color=\u00a0\u00bbon\u00a0\u00bb border_color=\u00a0\u00bb#8c4100&Prime; saved_tabs=\u00a0\u00bball\u00a0\u00bb]<\/p>\n<blockquote><p><span style=\"color: #911e1e;\">UNE INVITATION PLEINE DE COULEUR ET DE DOUCEUR&#8230;<\/span><\/p>\n<p><strong>Tout d&rsquo;abord, j&rsquo;ai re\u00e7u une invitation pleine de couleurs et de douceur. No\u00eblle invite la personne qui offre le massage \u00e0 \u00e9crire un texte personnalis\u00e9, qu&rsquo;elle met en page.\u00a0Et l\u00e0, des \u00e9motions passent&#8230;<\/strong><\/p>\n<p><strong>\u00a0Ensuite, lorsque l&rsquo;on passe la porte de l&rsquo;appartement, une ambiance de tranquillit\u00e9, le d\u00e9but d&rsquo;un moment \u00e0 soi.<\/strong><\/p>\n<p><strong>Et le massage&#8230; le silence, les mains expertes qui ne mentent pas dans le lien masseur\/mass\u00e9. Un moment de d\u00e9tente essentiel pour se ressourcer. Merci!<\/strong><\/p>\n<hr \/>\n<p class=\"text-right no_margin_bottom\"><strong>C\u00e9cile.<\/strong><\/p>\n<\/blockquote>\n<p>&nbsp;<br \/>\n[\/et_pb_testimonial][\/et_pb_column][et_pb_column type=\u00a0\u00bb1_3&Prime; _builder_version=\u00a0\u00bb3.0.47&Prime; parallax=\u00a0\u00bboff\u00a0\u00bb parallax_method=\u00a0\u00bbon\u00a0\u00bb][et_pb_image src=\u00a0\u00bbhttp:\/\/www.essonne-massage.com\/massage\/wp-content\/uploads\/2017\/02\/arbre-beige-det2-copie.jpg\u00a0\u00bb align=\u00a0\u00bbcenter\u00a0\u00bb admin_label=\u00a0\u00bblogo\u00a0\u00bb _builder_version=\u00a0\u00bb3.0.74&Prime; custom_margin=\u00a0\u00bb|40px|20px|40px\u00a0\u00bb custom_margin_tablet=\u00a0\u00bb20px|5px|20px|5px\u00a0\u00bb custom_margin_phone=\u00a0\u00bb20px|5px|20px|5px\u00a0\u00bb animation_style=\u00a0\u00bbslide\u00a0\u00bb animation_direction=\u00a0\u00bbleft\u00a0\u00bb animation_duration=\u00a0\u00bb500ms\u00a0\u00bb animation_intensity_slide=\u00a0\u00bb10%\u00a0\u00bb animation=\u00a0\u00bbleft\u00a0\u00bb sticky=\u00a0\u00bboff\u00a0\u00bb global_module=\u00a0\u00bb1556&Prime; saved_tabs=\u00a0\u00bball\u00a0\u00bb][\/et_pb_image][et_pb_button button_url=\u00a0\u00bbhttp:\/\/www.essonne-massage.com\/massage\/mon-portrait\/\u00a0\u00bb button_text=\u00a0\u00bbQUI SUIS-JE ?\u00a0\u00bb button_alignment=\u00a0\u00bbcenter\u00a0\u00bb admin_label=\u00a0\u00bbBouton QUI SUIS JE\u00a0\u00bb _builder_version=\u00a0\u00bb3.0.71&Prime; custom_button=\u00a0\u00bbon\u00a0\u00bb button_text_size=\u00a0\u00bb16px\u00a0\u00bb button_text_color=\u00a0\u00bb#ffffff\u00a0\u00bb button_bg_color=\u00a0\u00bb#b59889&Prime; button_border_width=\u00a0\u00bb0px\u00a0\u00bb button_border_radius=\u00a0\u00bb4&Prime; button_font=\u00a0\u00bb|on|||\u00a0\u00bb button_use_icon=\u00a0\u00bboff\u00a0\u00bb button_text_color_hover=\u00a0\u00bb#d8d8d8&Prime; button_bg_color_hover=\u00a0\u00bbrgba(124,54,0,0.93)\u00a0\u00bb button_border_radius_hover=\u00a0\u00bb4&Prime; animation_style=\u00a0\u00bbslide\u00a0\u00bb animation_direction=\u00a0\u00bbleft\u00a0\u00bb animation_duration=\u00a0\u00bb500ms\u00a0\u00bb animation_intensity_slide=\u00a0\u00bb10%\u00a0\u00bb global_module=\u00a0\u00bb1559&Prime; saved_tabs=\u00a0\u00bball\u00a0\u00bb][\/et_pb_button][et_pb_button button_url=\u00a0\u00bbhttp:\/\/www.essonne-massage.com\/massage\/visitez-mon-cabinet\/\u00a0\u00bb button_text=\u00a0\u00bbMON CABINET\u00a0\u00bb button_alignment=\u00a0\u00bbcenter\u00a0\u00bb admin_label=\u00a0\u00bbBouton CABINET\u00a0\u00bb _builder_version=\u00a0\u00bb3.0.71&Prime; custom_button=\u00a0\u00bbon\u00a0\u00bb button_text_size=\u00a0\u00bb16px\u00a0\u00bb button_text_color=\u00a0\u00bb#ffffff\u00a0\u00bb button_bg_color=\u00a0\u00bb#b59889&Prime; button_border_width=\u00a0\u00bb0px\u00a0\u00bb button_border_radius=\u00a0\u00bb4&Prime; button_font=\u00a0\u00bb|on|||\u00a0\u00bb button_use_icon=\u00a0\u00bboff\u00a0\u00bb button_text_color_hover=\u00a0\u00bb#d8d8d8&Prime; button_bg_color_hover=\u00a0\u00bbrgba(124,54,0,0.93)\u00a0\u00bb button_border_radius_hover=\u00a0\u00bb4&Prime; global_module=\u00a0\u00bb1560&Prime; saved_tabs=\u00a0\u00bball\u00a0\u00bb][\/et_pb_button][et_pb_text admin_label=\u00a0\u00bbcoordonnees\u00a0\u00bb _builder_version=\u00a0\u00bb3.0.74&Prime; custom_padding=\u00a0\u00bb0px|0px|0px|0px\u00a0\u00bb global_module=\u00a0\u00bb1563&Prime; saved_tabs=\u00a0\u00bball\u00a0\u00bb]<\/p>\n<h2 style=\"text-align: center;\"><span style=\"color: #800000;\"><strong><span style=\"font-family: Thread-00002788-Id-000000e9;\">06 45 26 66 07<\/span><\/strong><\/span><\/h2>\n<p style=\"text-align: center;\"><a href=\"mailto:noelle@essonne-massage.com\"><span style=\"text-decoration: underline;\"><span style=\"color: #800000;\"><strong><span style=\"font-family: Thread-00002788-Id-000000e9;\"><span style=\"font-family: Thread-00002788-Id-0000012a;\">noelle@essonne-massage.com<\/span><\/span><\/strong><\/span><\/span><\/a><\/p>\n<p>[\/et_pb_text][\/et_pb_column][\/et_pb_row][\/et_pb_section][et_pb_section fb_built=\u00a0\u00bb1&Prime; _builder_version=\u00a0\u00bb3.15&Prime; background_color=\u00a0\u00bbrgba(204,204,204,0.5)\u00a0\u00bb custom_padding=\u00a0\u00bb49px|0px|13px|0px|false|false\u00a0\u00bb][et_pb_row custom_padding=\u00a0\u00bb0px|0px|0px|0px\u00a0\u00bb _builder_version=\u00a0\u00bb3.0.85&Prime; background_size=\u00a0\u00bbinitial\u00a0\u00bb background_position=\u00a0\u00bbtop_left\u00a0\u00bb background_repeat=\u00a0\u00bbrepeat\u00a0\u00bb][et_pb_column type=\u00a0\u00bb4_4&Prime; _builder_version=\u00a0\u00bb3.0.47&Prime; parallax=\u00a0\u00bboff\u00a0\u00bb parallax_method=\u00a0\u00bbon\u00a0\u00bb][\/et_pb_column][\/et_pb_row][\/et_pb_section][et_pb_section fb_built=\u00a0\u00bb1&Prime; admin_label=\u00a0\u00bbSection TEXTE\u00a0\u00bb _builder_version=\u00a0\u00bb3.0.89&Prime; background_color=\u00a0\u00bbrgba(76,16,0,0.28)\u00a0\u00bb custom_padding=\u00a0\u00bb112px|0px|81px|0px|false|false\u00a0\u00bb][et_pb_row custom_padding=\u00a0\u00bb4px|0px|24px|0px\u00a0\u00bb _builder_version=\u00a0\u00bb3.0.85&Prime; background_size=\u00a0\u00bbinitial\u00a0\u00bb background_position=\u00a0\u00bbtop_left\u00a0\u00bb background_repeat=\u00a0\u00bbrepeat\u00a0\u00bb][et_pb_column type=\u00a0\u00bb4_4&Prime; _builder_version=\u00a0\u00bb3.0.47&Prime; parallax=\u00a0\u00bboff\u00a0\u00bb parallax_method=\u00a0\u00bbon\u00a0\u00bb][et_pb_text admin_label=\u00a0\u00bbOFFREZ UN MOMENT D&rsquo;ATTENTION&#8230;\u00a0\u00bb _builder_version=\u00a0\u00bb3.0.89&Prime; background_layout=\u00a0\u00bbdark\u00a0\u00bb]<\/p>\n<h2 style=\"text-align: left;\">OFFREZ UN COFFRET CADEAU BIEN-ETRE<\/h2>\n<p>Offrir un <a href=\"http:\/\/www.essonne-massage.com\/massage\/massage-bien-etre\/\"><span style=\"text-decoration: underline;\">Massage-Bien-Etre<\/span><\/a>\u00a0ou une <span style=\"text-decoration: underline;\"><a href=\"http:\/\/www.essonne-massage.com\/massage\/reflexologie-plantaire\/\">r\u00e9flexologie plantaire<\/a><\/span>,\u00a0<\/p>\n<p>c&rsquo;est offrir un moment de relaxation,<\/p>\n<p>une pause d\u00e9tente, une respiration&#8230;<\/p>\n<p>un moment unique pour se retrouver et prendre soin de soi&#8230;.<\/p>\n<p>Un Massage-Bien-Etre apporte d\u00e9tente et apaisement. Il\u00a0procure un sentiment de qui\u00e9tude et de s\u00e9r\u00e9nit\u00e9.<\/p>\n<p>Un Massage-Bien-Etre est le cadeau id\u00e9al pour ressourcer le corps et l&rsquo;esprit.<\/p>\n<p>[\/et_pb_text][\/et_pb_column][\/et_pb_row][\/et_pb_section][et_pb_section fb_built=\u00a0\u00bb1&Prime; fullwidth=\u00a0\u00bbon\u00a0\u00bb parallax=\u00a0\u00bbon\u00a0\u00bb _builder_version=\u00a0\u00bb3.15&Prime; background_image=\u00a0\u00bbhttp:\/\/www.essonne-massage.com\/massage\/wp-content\/uploads\/2018\/09\/Photo025.jpg\u00a0\u00bb custom_padding=\u00a0\u00bb0px|0px|383px|0px|false|false\u00a0\u00bb][\/et_pb_section][et_pb_section fb_built=\u00a0\u00bb1&Prime; admin_label=\u00a0\u00bbSection TEXTE\u00a0\u00bb _builder_version=\u00a0\u00bb3.15&Prime; background_color=\u00a0\u00bbrgba(137,85,52,0.5)\u00a0\u00bb custom_padding=\u00a0\u00bb126px|0px|156px|0px|false|false\u00a0\u00bb][et_pb_row custom_padding=\u00a0\u00bb4px|0px|24px|0px\u00a0\u00bb _builder_version=\u00a0\u00bb3.0.85&Prime; background_size=\u00a0\u00bbinitial\u00a0\u00bb background_position=\u00a0\u00bbtop_left\u00a0\u00bb background_repeat=\u00a0\u00bbrepeat\u00a0\u00bb][et_pb_column type=\u00a0\u00bb4_4&Prime; _builder_version=\u00a0\u00bb3.0.47&Prime; parallax=\u00a0\u00bboff\u00a0\u00bb parallax_method=\u00a0\u00bbon\u00a0\u00bb][et_pb_text admin_label=\u00a0\u00bbCoffret cadeau en 3 etapes\u00a0\u00bb _builder_version=\u00a0\u00bb3.0.89&Prime; text_text_color=\u00a0\u00bbrgba(0,0,0,0.76)\u00a0\u00bb header_text_color=\u00a0\u00bbrgba(17,17,13,0.45)\u00a0\u00bb header_2_text_color=\u00a0\u00bbrgba(17,17,13,0.45)\u00a0\u00bb header_4_text_color=\u00a0\u00bbrgba(17,17,13,0.45)\u00a0\u00bb header_5_text_color=\u00a0\u00bbrgba(17,17,13,0.45)\u00a0\u00bb]<\/p>\n<h2><span style=\"color: rgba(17, 17, 13, 0.45);\"><strong>COFFRET CADEAU BIEN-ETRE\u00a0&#8211; COMMENT CA MARCHE ?<\/strong><\/span><\/h2>\n<p><span style=\"color: rgba(17, 17, 13, 0.45);\"><strong><\/strong><\/span><\/p>\n<p>J\u2019ai voulu que mes coffrets cadeaux soient un vrai moment de partage entre la ou les personnes qui offre(nt) et celle ou celui qui le re\u00e7oit. C\u2019est pourquoi ce sont des coffrets cadeaux personnalis\u00e9s !<\/p>\n<p>Parce que rien ne fait plus plaisir que de recevoir un cadeau qui a \u00e9t\u00e9 choisi rien que pour nous, recevoir une invitation pour un massage avec <strong>un vrai texte \u00e9crit sp\u00e9cialement pour nous<\/strong>, nous rend heureux !<\/p>\n<p>&nbsp;<\/p>\n<h4><strong>VOTRE COFFRET CADEAU EN 3 ETAPES<\/strong><\/h4>\n<p><strong><\/strong><\/p>\n<h5><span style=\"color: #8e1a00;\"><strong>&gt; Etape 1<\/strong><\/span><\/h5>\n<p>Vous me contactez par mail ou t\u00e9l\u00e9phone. Vous choisissez la ou les prestations que vous souhaitez offrir. Je reste bien \u00e9videmment\u00a0\u00e0 votre disposition pour vous aider \u00e0 faire votre choix.<\/p>\n<h5><span style=\"color: #8e1a00;\">&gt; Etape 2<\/span><\/h5>\n<p>Vous m&rsquo; envoyez par mail ou\u00a0sms le texte personnalis\u00e9 \u00e0 imprimer sur le bon cadeau. Je r\u00e9alise votre coffret cadeau personnalis\u00e9 en fonction de la prestation choisie, avec le pr\u00e9nom, votre texte personnalis\u00e9,\u2026un \u00e9l\u00e9gant sac, une jolie orchid\u00e9e\u2026<\/p>\n<h5><span style=\"color: #8e1a00;\"><strong>&gt; Etape 3<\/strong><\/span><\/h5>\n<p>Vous\u00a0venez retirer votre coffret cadeau\u00a0sur rendez-vous au salon ou pour No\u00ebl pendant les plages horaires sp\u00e9cialement d\u00e9di\u00e9es\u00a0aux coffret cadeaux.<\/p>\n<p>Il ne vous reste que le plaisir d\u2019offrir.<\/p>\n<p>[\/et_pb_text][\/et_pb_column][\/et_pb_row][\/et_pb_section][et_pb_section fb_built=\u00a0\u00bb1&Prime; _builder_version=\u00a0\u00bb3.15&Prime;][et_pb_row _builder_version=\u00a0\u00bb3.15&Prime;][et_pb_column type=\u00a0\u00bb4_4&Prime; _builder_version=\u00a0\u00bb3.15&Prime; parallax=\u00a0\u00bboff\u00a0\u00bb parallax_method=\u00a0\u00bbon\u00a0\u00bb][et_pb_cta title=\u00a0\u00bbBesoin d&rsquo;une pr\u00e9cision, d&rsquo;un renseignement&#8230; N&rsquo;h\u00e9sitez pas \u00e0 me consulter pour en savoir plus\u00a0\u00bb button_url=\u00a0\u00bbhttp:\/\/www.essonne-massage.com\/massage\/contact\/\u00a0\u00bb url_new_window=\u00a0\u00bbon\u00a0\u00bb button_text=\u00a0\u00bbCONTACT\u00a0\u00bb _builder_version=\u00a0\u00bb3.0.87&Prime; header_font=\u00a0\u00bbComfortaa||||\u00a0\u00bb header_text_color=\u00a0\u00bb#ffffff\u00a0\u00bb header_font_size=\u00a0\u00bb16px\u00a0\u00bb header_font_size_tablet=\u00a0\u00bb16px\u00a0\u00bb header_font_size_phone=\u00a0\u00bb16px\u00a0\u00bb header_letter_spacing_tablet=\u00a0\u00bb0px\u00a0\u00bb header_letter_spacing_phone=\u00a0\u00bb0px\u00a0\u00bb header_line_height_tablet=\u00a0\u00bb1em\u00a0\u00bb header_line_height_phone=\u00a0\u00bb1em\u00a0\u00bb body_font=\u00a0\u00bb||||\u00a0\u00bb body_text_color=\u00a0\u00bb#ffffff\u00a0\u00bb body_font_size_tablet=\u00a0\u00bb14&Prime; body_font_size_phone=\u00a0\u00bb14&Prime; body_letter_spacing_tablet=\u00a0\u00bb0px\u00a0\u00bb body_letter_spacing_phone=\u00a0\u00bb0px\u00a0\u00bb body_line_height_tablet=\u00a0\u00bb1.7em\u00a0\u00bb body_line_height_phone=\u00a0\u00bb1.7em\u00a0\u00bb background_color=\u00a0\u00bbrgba(135,63,4,0.32)\u00a0\u00bb border_width_all=\u00a0\u00bb1px\u00a0\u00bb border_color_all=\u00a0\u00bb#ffffff\u00a0\u00bb border_style_all=\u00a0\u00bbsolid\u00a0\u00bb button_text_size_tablet=\u00a0\u00bb20&Prime; button_text_size_phone=\u00a0\u00bb20&Prime; button_letter_spacing_tablet=\u00a0\u00bb0&Prime; button_letter_spacing_phone=\u00a0\u00bb0&Prime; button_letter_spacing_hover_tablet=\u00a0\u00bb0&Prime; button_letter_spacing_hover_phone=\u00a0\u00bb0&Prime; use_border_color=\u00a0\u00bbon\u00a0\u00bb border_color=\u00a0\u00bb#ffffff\u00a0\u00bb border_width=\u00a0\u00bb1px\u00a0\u00bb border_style=\u00a0\u00bbsolid\u00a0\u00bb saved_tabs=\u00a0\u00bball\u00a0\u00bb global_module=\u00a0\u00bb1062&Prime;][\/et_pb_cta][\/et_pb_column][\/et_pb_row][\/et_pb_section]<\/p>\n<div style=\"padding-bottom:20px; padding-top:10px;\" class=\"hupso-share-buttons\"><!-- Hupso Share Buttons - https:\/\/www.hupso.com\/share\/ --><a class=\"hupso_toolbar\" href=\"https:\/\/www.hupso.com\/share\/\"><img data-recalc-dims=\"1\" decoding=\"async\" src=\"https:\/\/i0.wp.com\/static.hupso.com\/share\/buttons\/lang\/fr\/share-small.png?w=1080&#038;ssl=1\" style=\"border:0px; padding-top: 5px; float:left;\" alt=\"Share Button\"\/><\/a><script type=\"text\/javascript\">var hupso_services_t=new Array(\"Facebook\",\"Linkedin\",\"Email\",\"Print\");var hupso_background_t=\"#EAF4FF\";var hupso_border_t=\"#66CCFF\";var hupso_toolbar_size_t=\"small\";var hupso_image_folder_url = \"\";var hupso_url_t=\"\";var hupso_title_t=\"Coffret%20cadeau\";<\/script><script type=\"text\/javascript\" src=\"https:\/\/static.hupso.com\/share\/js\/share_toolbar.js\"><\/script><!-- Hupso Share Buttons --><\/div>","protected":false},"excerpt":{"rendered":"<p>&nbsp; UNE INVITATION PLEINE DE COULEUR ET DE DOUCEUR&#8230; Tout d&rsquo;abord, j&rsquo;ai re\u00e7u une invitation pleine de couleurs et de douceur. No\u00eblle invite la personne qui offre le massage \u00e0 \u00e9crire un texte personnalis\u00e9, qu&rsquo;elle met en page.\u00a0Et l\u00e0, des \u00e9motions passent&#8230; \u00a0Ensuite, lorsque l&rsquo;on passe la porte de l&rsquo;appartement, une ambiance de tranquillit\u00e9, le [&hellip;]<\/p>\n","protected":false},"author":3,"featured_media":0,"parent":0,"menu_order":0,"comment_status":"closed","ping_status":"closed","template":"","meta":{"_et_pb_use_builder":"on","_et_pb_old_content":"","_et_gb_content_width":"","footnotes":""},"class_list":["post-2030","page","type-page","status-publish","hentry"],"yoast_head":"<!-- This site is optimized with the Yoast SEO plugin v27.6 - https:\/\/yoast.com\/product\/yoast-seo-wordpress\/ -->\n<title>COFFRET CADEAU BIEN-ETRE No\u00ebl 2017 - No\u00eblle Denis - Montgeron<\/title>\n<meta name=\"description\" content=\"Pour No\u00ebl, n&#039;h\u00e9sitez plus! No\u00eblle Denis vous propose des prestations de qualit\u00e9s \u00e0 offrir sous forme de coffret cadeau Bien-Etre personnalis\u00e9.\" \/>\n<meta name=\"robots\" content=\"index, follow, max-snippet:-1, max-image-preview:large, max-video-preview:-1\" \/>\n<link rel=\"canonical\" href=\"https:\/\/www.essonne-massage.com\/massage\/carte-cadeau\/\" \/>\n<meta property=\"og:locale\" content=\"fr_FR\" \/>\n<meta property=\"og:type\" content=\"article\" \/>\n<meta property=\"og:title\" content=\"COFFRET CADEAU BIEN-ETRE No\u00ebl 2017 - No\u00eblle Denis - Montgeron\" \/>\n<meta property=\"og:description\" content=\"Pour No\u00ebl, n&#039;h\u00e9sitez plus! No\u00eblle Denis vous propose des prestations de qualit\u00e9s \u00e0 offrir sous forme de coffret cadeau Bien-Etre personnalis\u00e9.\" \/>\n<meta property=\"og:url\" content=\"https:\/\/www.essonne-massage.com\/massage\/carte-cadeau\/\" \/>\n<meta property=\"og:site_name\" content=\"Essonne massage\" \/>\n<meta property=\"article:modified_time\" content=\"2018-11-08T15:09:33+00:00\" \/>\n<meta name=\"twitter:label1\" content=\"Dur\u00e9e de lecture estim\u00e9e\" \/>\n\t<meta name=\"twitter:data1\" content=\"6 minutes\" \/>\n<script type=\"application\/ld+json\" class=\"yoast-schema-graph\">{\"@context\":\"https:\\\/\\\/schema.org\",\"@graph\":[{\"@type\":\"WebPage\",\"@id\":\"https:\\\/\\\/www.essonne-massage.com\\\/massage\\\/carte-cadeau\\\/\",\"url\":\"https:\\\/\\\/www.essonne-massage.com\\\/massage\\\/carte-cadeau\\\/\",\"name\":\"COFFRET CADEAU BIEN-ETRE No\u00ebl 2017 - No\u00eblle Denis - Montgeron\",\"isPartOf\":{\"@id\":\"https:\\\/\\\/www.essonne-massage.com\\\/massage\\\/#website\"},\"datePublished\":\"2017-11-09T11:01:14+00:00\",\"dateModified\":\"2018-11-08T15:09:33+00:00\",\"description\":\"Pour No\u00ebl, n'h\u00e9sitez plus! No\u00eblle Denis vous propose des prestations de qualit\u00e9s \u00e0 offrir sous forme de coffret cadeau Bien-Etre personnalis\u00e9.\",\"breadcrumb\":{\"@id\":\"https:\\\/\\\/www.essonne-massage.com\\\/massage\\\/carte-cadeau\\\/#breadcrumb\"},\"inLanguage\":\"fr-FR\",\"potentialAction\":[{\"@type\":\"ReadAction\",\"target\":[\"https:\\\/\\\/www.essonne-massage.com\\\/massage\\\/carte-cadeau\\\/\"]}]},{\"@type\":\"BreadcrumbList\",\"@id\":\"https:\\\/\\\/www.essonne-massage.com\\\/massage\\\/carte-cadeau\\\/#breadcrumb\",\"itemListElement\":[{\"@type\":\"ListItem\",\"position\":1,\"name\":\"Accueil\",\"item\":\"https:\\\/\\\/www.essonne-massage.com\\\/massage\\\/\"},{\"@type\":\"ListItem\",\"position\":2,\"name\":\"Coffret cadeau\"}]},{\"@type\":\"WebSite\",\"@id\":\"https:\\\/\\\/www.essonne-massage.com\\\/massage\\\/#website\",\"url\":\"https:\\\/\\\/www.essonne-massage.com\\\/massage\\\/\",\"name\":\"Essonne massage\",\"description\":\"Massage bien-\u00eatre Chi Nei Tsang R\u00e9flexologie plantaire\",\"potentialAction\":[{\"@type\":\"SearchAction\",\"target\":{\"@type\":\"EntryPoint\",\"urlTemplate\":\"https:\\\/\\\/www.essonne-massage.com\\\/massage\\\/?s={search_term_string}\"},\"query-input\":{\"@type\":\"PropertyValueSpecification\",\"valueRequired\":true,\"valueName\":\"search_term_string\"}}],\"inLanguage\":\"fr-FR\"}]}<\/script>\n<!-- \/ Yoast SEO plugin. -->","yoast_head_json":{"title":"COFFRET CADEAU BIEN-ETRE No\u00ebl 2017 - No\u00eblle Denis - Montgeron","description":"Pour No\u00ebl, n'h\u00e9sitez plus! No\u00eblle Denis vous propose des prestations de qualit\u00e9s \u00e0 offrir sous forme de coffret cadeau Bien-Etre personnalis\u00e9.","robots":{"index":"index","follow":"follow","max-snippet":"max-snippet:-1","max-image-preview":"max-image-preview:large","max-video-preview":"max-video-preview:-1"},"canonical":"https:\/\/www.essonne-massage.com\/massage\/carte-cadeau\/","og_locale":"fr_FR","og_type":"article","og_title":"COFFRET CADEAU BIEN-ETRE No\u00ebl 2017 - No\u00eblle Denis - Montgeron","og_description":"Pour No\u00ebl, n'h\u00e9sitez plus! No\u00eblle Denis vous propose des prestations de qualit\u00e9s \u00e0 offrir sous forme de coffret cadeau Bien-Etre personnalis\u00e9.","og_url":"https:\/\/www.essonne-massage.com\/massage\/carte-cadeau\/","og_site_name":"Essonne massage","article_modified_time":"2018-11-08T15:09:33+00:00","twitter_misc":{"Dur\u00e9e de lecture estim\u00e9e":"6 minutes"},"schema":{"@context":"https:\/\/schema.org","@graph":[{"@type":"WebPage","@id":"https:\/\/www.essonne-massage.com\/massage\/carte-cadeau\/","url":"https:\/\/www.essonne-massage.com\/massage\/carte-cadeau\/","name":"COFFRET CADEAU BIEN-ETRE No\u00ebl 2017 - No\u00eblle Denis - Montgeron","isPartOf":{"@id":"https:\/\/www.essonne-massage.com\/massage\/#website"},"datePublished":"2017-11-09T11:01:14+00:00","dateModified":"2018-11-08T15:09:33+00:00","description":"Pour No\u00ebl, n'h\u00e9sitez plus! No\u00eblle Denis vous propose des prestations de qualit\u00e9s \u00e0 offrir sous forme de coffret cadeau Bien-Etre personnalis\u00e9.","breadcrumb":{"@id":"https:\/\/www.essonne-massage.com\/massage\/carte-cadeau\/#breadcrumb"},"inLanguage":"fr-FR","potentialAction":[{"@type":"ReadAction","target":["https:\/\/www.essonne-massage.com\/massage\/carte-cadeau\/"]}]},{"@type":"BreadcrumbList","@id":"https:\/\/www.essonne-massage.com\/massage\/carte-cadeau\/#breadcrumb","itemListElement":[{"@type":"ListItem","position":1,"name":"Accueil","item":"https:\/\/www.essonne-massage.com\/massage\/"},{"@type":"ListItem","position":2,"name":"Coffret cadeau"}]},{"@type":"WebSite","@id":"https:\/\/www.essonne-massage.com\/massage\/#website","url":"https:\/\/www.essonne-massage.com\/massage\/","name":"Essonne massage","description":"Massage bien-\u00eatre Chi Nei Tsang R\u00e9flexologie plantaire","potentialAction":[{"@type":"SearchAction","target":{"@type":"EntryPoint","urlTemplate":"https:\/\/www.essonne-massage.com\/massage\/?s={search_term_string}"},"query-input":{"@type":"PropertyValueSpecification","valueRequired":true,"valueName":"search_term_string"}}],"inLanguage":"fr-FR"}]}},"jetpack_shortlink":"https:\/\/wp.me\/P9cImd-wK","jetpack-related-posts":[],"jetpack_sharing_enabled":true,"jetpack_likes_enabled":true,"_links":{"self":[{"href":"https:\/\/www.essonne-massage.com\/massage\/wp-json\/wp\/v2\/pages\/2030","targetHints":{"allow":["GET"]}}],"collection":[{"href":"https:\/\/www.essonne-massage.com\/massage\/wp-json\/wp\/v2\/pages"}],"about":[{"href":"https:\/\/www.essonne-massage.com\/massage\/wp-json\/wp\/v2\/types\/page"}],"author":[{"embeddable":true,"href":"https:\/\/www.essonne-massage.com\/massage\/wp-json\/wp\/v2\/users\/3"}],"replies":[{"embeddable":true,"href":"https:\/\/www.essonne-massage.com\/massage\/wp-json\/wp\/v2\/comments?post=2030"}],"version-history":[{"count":68,"href":"https:\/\/www.essonne-massage.com\/massage\/wp-json\/wp\/v2\/pages\/2030\/revisions"}],"predecessor-version":[{"id":2382,"href":"https:\/\/www.essonne-massage.com\/massage\/wp-json\/wp\/v2\/pages\/2030\/revisions\/2382"}],"wp:attachment":[{"href":"https:\/\/www.essonne-massage.com\/massage\/wp-json\/wp\/v2\/media?parent=2030"}],"curies":[{"name":"wp","href":"https:\/\/api.w.org\/{rel}","templated":true}]}}