{"id":1277,"date":"2017-08-28T13:59:36","date_gmt":"2017-08-28T12:59:36","guid":{"rendered":"http:\/\/www.essonne-massage.com\/massage\/?page_id=1277"},"modified":"2021-04-23T16:41:30","modified_gmt":"2021-04-23T15:41:30","slug":"mon-portrait","status":"publish","type":"page","link":"https:\/\/www.essonne-massage.com\/massage\/mon-portrait\/","title":{"rendered":"Mon portrait"},"content":{"rendered":"<p>[et_pb_section fb_built=\u00a0\u00bb1&Prime; fullwidth=\u00a0\u00bbon\u00a0\u00bb _builder_version=\u00a0\u00bb3.22&Prime; background_color=\u00a0\u00bb#b0ba00&Prime;][et_pb_fullwidth_header title=\u00a0\u00bbQui suis-je ?\u00a0\u00bb background_overlay_color=\u00a0\u00bbrgba(132,92,80,0.8)\u00a0\u00bb _builder_version=\u00a0\u00bb3.16&Prime; title_text_color=\u00a0\u00bb#e0e0e0&Prime; background_color=\u00a0\u00bbrgba(255,255,255,0)\u00a0\u00bb background_image=\u00a0\u00bbhttp:\/\/www.essonne-massage.com\/massage\/wp-content\/uploads\/2017\/08\/fem-2mainhornb-recadrei.jpg\u00a0\u00bb background_layout=\u00a0\u00bblight\u00a0\u00bb button_one_text_size__hover_enabled=\u00a0\u00bboff\u00a0\u00bb button_two_text_size__hover_enabled=\u00a0\u00bboff\u00a0\u00bb button_one_text_color__hover_enabled=\u00a0\u00bboff\u00a0\u00bb button_two_text_color__hover_enabled=\u00a0\u00bboff\u00a0\u00bb button_one_border_width__hover_enabled=\u00a0\u00bboff\u00a0\u00bb button_two_border_width__hover_enabled=\u00a0\u00bboff\u00a0\u00bb button_one_border_color__hover_enabled=\u00a0\u00bboff\u00a0\u00bb button_two_border_color__hover_enabled=\u00a0\u00bboff\u00a0\u00bb button_one_border_radius__hover_enabled=\u00a0\u00bboff\u00a0\u00bb button_two_border_radius__hover_enabled=\u00a0\u00bboff\u00a0\u00bb button_one_letter_spacing__hover_enabled=\u00a0\u00bboff\u00a0\u00bb button_two_letter_spacing__hover_enabled=\u00a0\u00bboff\u00a0\u00bb button_one_bg_color__hover_enabled=\u00a0\u00bboff\u00a0\u00bb button_two_bg_color__hover_enabled=\u00a0\u00bboff\u00a0\u00bb][\/et_pb_fullwidth_header][\/et_pb_section][et_pb_section fb_built=\u00a0\u00bb1&Prime; _builder_version=\u00a0\u00bb3.22&Prime; background_color=\u00a0\u00bbrgba(79,30,0,0.35)\u00a0\u00bb custom_padding=\u00a0\u00bb95px|0px|77px|0px\u00a0\u00bb][et_pb_row _builder_version=\u00a0\u00bb3.25&Prime; width=\u00a0\u00bb50%\u00a0\u00bb max_width=\u00a0\u00bb50%\u00a0\u00bb custom_padding=\u00a0\u00bb0px|0px|0px|0px\u00a0\u00bb border_radii=\u00a0\u00bbon|10px|10px|10px|10px\u00a0\u00bb border_width_all=\u00a0\u00bb7px\u00a0\u00bb border_color_all=\u00a0\u00bb#330909&Prime; box_shadow_style=\u00a0\u00bbpreset1&Prime; use_custom_width=\u00a0\u00bbon\u00a0\u00bb width_unit=\u00a0\u00bboff\u00a0\u00bb custom_width_percent=\u00a0\u00bb50%\u00a0\u00bb][et_pb_column type=\u00a0\u00bb4_4&Prime; _builder_version=\u00a0\u00bb3.25&Prime; custom_padding=\u00a0\u00bb|||\u00a0\u00bb custom_padding__hover=\u00a0\u00bb|||\u00a0\u00bb][et_pb_video src=\u00a0\u00bbhttps:\/\/youtu.be\/QSV8uxDFpnM\u00a0\u00bb image_src=\u00a0\u00bb\/\/i.ytimg.com\/vi\/u-Q_-mxkDlI\/hqdefault.jpg\u00a0\u00bb _builder_version=\u00a0\u00bb3.0.97&Prime;][\/et_pb_video][\/et_pb_column][\/et_pb_row][\/et_pb_section][et_pb_section fb_built=\u00a0\u00bb1&Prime; _builder_version=\u00a0\u00bb3.22&Prime; background_color=\u00a0\u00bb#ffffff\u00a0\u00bb custom_padding=\u00a0\u00bb123px|0px|2px|0px|false|false\u00a0\u00bb][et_pb_row _builder_version=\u00a0\u00bb3.25&Prime; background_size=\u00a0\u00bbinitial\u00a0\u00bb background_position=\u00a0\u00bbtop_left\u00a0\u00bb background_repeat=\u00a0\u00bbrepeat\u00a0\u00bb custom_padding=\u00a0\u00bb0px|0px|77px|0px|false|false\u00a0\u00bb][et_pb_column type=\u00a0\u00bb4_4&Prime; _builder_version=\u00a0\u00bb3.25&Prime; custom_padding=\u00a0\u00bb|||\u00a0\u00bb custom_padding__hover=\u00a0\u00bb|||\u00a0\u00bb][et_pb_text _builder_version=\u00a0\u00bb4.9.4&Prime; text_text_color=\u00a0\u00bb#ffffff\u00a0\u00bb text_font_size=\u00a0\u00bb16&Prime; text_letter_spacing=\u00a0\u00bb2px\u00a0\u00bb text_line_height=\u00a0\u00bb1.9&Prime; header_text_color=\u00a0\u00bb#ffffff\u00a0\u00bb header_letter_spacing=\u00a0\u00bb2&Prime; header_line_height=\u00a0\u00bb1.9em\u00a0\u00bb hover_enabled=\u00a0\u00bb0&Prime; sticky_enabled=\u00a0\u00bb0&Prime;]<\/p>\n<blockquote>\n<p><span style=\"color: #561800; font-size: medium;\"><em><span style=\"font-family: Calibri;\">\u00a0Du plus loin que je me souvienne, <\/span><\/em><\/span><span style=\"color: #561800; font-size: medium;\"><em><span style=\"font-family: Calibri;\">j\u2019ai toujours voulu exercer un m\u00e9tier qui avait du sens et avoir du sens pour moi signifiait tourn\u00e9 vers l\u2019autre. La vie m\u2019a mise \u00e0 l\u2019\u00e9preuve en m\u2019offrant d\u2019autres routes. J\u2019ai fait pas mal de petits boulots, puis j\u2019ai travaill\u00e9 dans des services back office bourses de grandes banques. A un retour de mes nombreux longs s\u00e9jours \u00e0 l\u2019\u00e9tranger, je me suis form\u00e9e au commerce international et je suis devenue assistante commerciale et logisticienne \u00e0 l\u2019international. Mais comme la vie nous fait prendre des d\u00e9tours pour mieux revenir \u00e0 notre essentiel, la souffrance d\u2019une personne tr\u00e8s proche m\u2019a fait d\u00e9couvrir les bienfaits des massages bien-\u00eatre. J\u2019ai suivi une premi\u00e8re formation \u00e0 Johannesbourg en 2006, l\u00e0 o\u00f9 je r\u00e9sidais avec ma famille. C\u2019est tr\u00e8s vite devenu une passion. A mon retour en France, j\u2019ai suivi une formation en massage bien-\u00eatre. <\/span><\/em><\/span><\/p>\n<p>&nbsp;<\/p>\n<p><span style=\"color: #561800; font-size: medium;\"><em><span style=\"font-family: Calibri;\">Quand je massais je ressentais presque toujours l\u2019importance du ventre. Comme si le ventre voulait s\u2019exprimer. J\u2019ai longtemps cherch\u00e9 une technique sp\u00e9cifique et un jour, un moteur de recherche m\u2019a offert le Chi Nei Tsang. <\/span><\/em><\/span><\/p>\n<p><span style=\"color: #561800;\"><em><span style=\"font-family: Calibri; font-size: medium;\">J\u2019ai suivi quelques week-ends de formation \u00e0 Paris au Temps du corps puis des semaines avec Gilles Marin fondateur et directeur de l&rsquo;Institut Chi Nei Tsang \u00e0 B<\/span><\/em><span style=\"font-family: Calibri; font-size: medium;\"><em>erkeley, en Californie et avec Jutta Kellenberger, l\u2019assistante de Mantak Chia. Parall\u00e8lement, je connaissais d\u00e9j\u00e0 la r\u00e9flexologie plantaire. J\u2019avais suivi quelques formations mais je r\u00eavais de suivre l\u2019enseignement de Mireille Meunier dont j\u2019avais lu les livres. Alors quand une amie en 2012 m\u2019a appris que <a href=\"https:\/\/www.reflexologie.fr\/\">Mireille Meunier<\/a> reprenait ses stages, je me suis tout de suite inscrite. <\/em><\/span><\/span><\/p>\n<p>&nbsp;<\/p>\n<p><span style=\"color: #561800; font-size: medium;\"><span style=\"font-family: Calibri;\"><em>Voil\u00e0 comment aujourd\u2019hui, j\u2019ai la joie de pratiquer ces 3 merveilleuses techniques que sont le Massage-Bien-Etre, la R\u00e9flexologie plantaire d\u2019apr\u00e8s l\u2019\u00e9nerg\u00e9tique chinoise et le chi Nei Tsang.<\/em> \u00a0\u00bb <\/span><\/span><\/p>\n<p>&nbsp;<\/p>\n<p><strong><span style=\"color: #561800;\"><span style=\"font-family: Calibri; font-size: medium;\">N<\/span><span style=\"font-family: Calibri; font-size: medium;\"><span style=\"font-size: medium;\"><span style=\"font-family: Calibri;\">o\u00eblle Denis &#8211; <\/span><\/span><\/span><span style=\"font-family: Calibri; font-size: medium;\"><span style=\"font-size: medium;\"><span style=\"font-family: Calibri;\">r\u00e9flexologue, titre professionnel enregistr\u00e9 par l\u2019Etat au RNCP &#8211; <\/span><\/span><\/span><span style=\"font-family: Calibri; font-size: medium;\"><span style=\"font-size: medium;\"><span style=\"font-family: Calibri;\">praticienne en Massage Bien \u2013Etre et Chi Nei Tsang.<\/span><\/span><\/span><\/span><\/strong><\/p>\n<\/blockquote>\n<p>[\/et_pb_text][\/et_pb_column][\/et_pb_row][\/et_pb_section][et_pb_section fb_built=\u00a0\u00bb1&Prime; _builder_version=\u00a0\u00bb3.22&Prime; background_color=\u00a0\u00bb#e0d5c7&Prime; custom_padding=\u00a0\u00bb112px|0px|116px|0px|false|false\u00a0\u00bb][et_pb_row _builder_version=\u00a0\u00bb3.25&Prime; background_size=\u00a0\u00bbinitial\u00a0\u00bb background_position=\u00a0\u00bbtop_left\u00a0\u00bb background_repeat=\u00a0\u00bbrepeat\u00a0\u00bb custom_padding=\u00a0\u00bb24px|0px|0px|0px\u00a0\u00bb][et_pb_column type=\u00a0\u00bb4_4&Prime; _builder_version=\u00a0\u00bb3.25&Prime; custom_padding=\u00a0\u00bb|||\u00a0\u00bb custom_padding__hover=\u00a0\u00bb|||\u00a0\u00bb][et_pb_text admin_label=\u00a0\u00bbTexte formation\u00a0\u00bb _builder_version=\u00a0\u00bb4.9.4&Prime; hover_enabled=\u00a0\u00bb0&Prime; sticky_enabled=\u00a0\u00bb0&Prime;]<\/p>\n<h3><span style=\"color: #692f0a;\"> Mes formations Massage Bien-Etre<\/span><\/h3>\n<p><span style=\"color: rgba(81, 81, 81, 0.99);\">Massage Evolaxia &#8211; <a href=\"http:\/\/evolaxia.com\/\">Herv\u00e9 Fleury <\/a><span class=\"s1\">Ost\u00e9opathe -Kin\u00e9sith\u00e9rapeute du sport \u2013 DI Universitaire de Sport insep Paris<\/span>&#8211; 2019<\/span><br \/><span style=\"color: rgba(81, 81, 81, 0.99);\">Massage Femme Enceinte \u2013 <a href=\"https:\/\/www.cassiopee-formation.com\/formation-massage\/formation-massage-femme-enceinte-bebe.php\">Institut Cassiop\u00e9e Formation<\/a> &#8211; 2010<\/span><br \/><span style=\"color: rgba(81, 81, 81, 0.99);\"> Massage Cr\u00e9atif\u00ae &#8211; <a href=\"https:\/\/www.formationmassage-paris.com\/\">Institut Figari<\/a> &#8211; 2009<\/span><br \/><span style=\"color: rgba(81, 81, 81, 0.99);\"> Massage Holistique &#8211; <a href=\"https:\/\/healingacademy.co.za\/\">Healing Hands International Massage Academy<\/a> \u2013 2007<\/span><\/p>\n<p>&nbsp;<\/p>\n<h3><span style=\"color: #692f0a;\">Mes formations <\/span><span style=\"color: #692f0a;\">R\u00e9flexologie<\/span><\/h3>\n<p><span style=\"color: #515151;\">R\u00e9flexologie plantaire d\u2019apr\u00e8s l\u2019\u00e9nerg\u00e9tique chinoise \u2013 <a href=\"https:\/\/www.reflexologie.fr\/\">centre de formation Mireille Meunier<\/a> \u2013 2012<\/span><br \/><span style=\"color: #515151;\"> Accompagnement \u00e9motionnel en r\u00e9flexologie &#8211; centre de formation Mireille Meunier &#8211; 2017<\/span><br \/><span style=\"color: #515151;\"> R\u00e9flexologie des intestins \u2013 <a href=\"http:\/\/reflexologiemadeleineturgeon.com\/\">Madeleine Turgeon<\/a> \u2013 2014<\/span><br \/><span style=\"color: #515151;\"> R\u00e9flexologie de la t\u00eate et du cerveau \u2013 Madeleine Turgeon \u2013 2014<\/span><br \/><span style=\"color: #515151;\"> R\u00e9flexologie Tib\u00e9taine \u2013 Madeleine Turgeon \u2013 2014<\/span><\/p>\n<p>&nbsp;<\/p>\n<h3><span style=\"color: #692f0a;\">Mes formations <\/span><span style=\"color: #692f0a;\">Chi Nei Tsang<\/span><\/h3>\n<p><span style=\"color: #515151;\">Chi Nei Tsang fondamental \u2013 <a href=\"http:\/\/chineitsang.marin.free.fr\/LeCNT.htm\">Gilles Marin<\/a> &#8211; 2011<\/span><br \/><span style=\"color: #515151;\"> Chi Nei Tsang Emotionnel \u2013 Gilles Marin \u2013 2011<\/span><br \/><span style=\"color: #515151;\"> Chi Nei Tsang Attitude globale du corporelle \u2013 Gilles Marin &#8211; 2013<\/span><br \/><span style=\"color: #515151;\"> Chi Nei Tsang I \u2013 <a href=\"http:\/\/www.juttakellenberger.com\/\">Jutta Kellenberger<\/a> &#8211; 2012<\/span><br \/>Chi Nei Tsang &#8211; Wilbert Wills et Saumya Caumer &#8211; <a href=\"https:\/\/www.tempsducorps.org\/activites-corporelles\/massage\/massage-chi-nei-tsang.html\">Les Temps du corps<\/a> &#8211; 2010<\/p>\n<p>&nbsp;<\/p>\n<p>[\/et_pb_text][\/et_pb_column][\/et_pb_row][\/et_pb_section][et_pb_section fb_built=\u00a0\u00bb1&Prime; _builder_version=\u00a0\u00bb3.22&Prime; background_color=\u00a0\u00bb#ffffff\u00a0\u00bb custom_padding=\u00a0\u00bb49px|0px|95px|0px|false|false\u00a0\u00bb][et_pb_row _builder_version=\u00a0\u00bb3.25&Prime; background_size=\u00a0\u00bbinitial\u00a0\u00bb background_position=\u00a0\u00bbtop_left\u00a0\u00bb background_repeat=\u00a0\u00bbrepeat\u00a0\u00bb custom_padding=\u00a0\u00bb0px|0px|0px|0px\u00a0\u00bb][et_pb_column type=\u00a0\u00bb4_4&Prime; _builder_version=\u00a0\u00bb3.25&Prime; custom_padding=\u00a0\u00bb|||\u00a0\u00bb custom_padding__hover=\u00a0\u00bb|||\u00a0\u00bb][et_pb_cta title=\u00a0\u00bbBesoin d&rsquo;une pr\u00e9cision, d&rsquo;un renseignement&#8230; N&rsquo;h\u00e9sitez pas \u00e0 me consulter pour en savoir plus\u00a0\u00bb button_url=\u00a0\u00bbhttp:\/\/www.essonne-massage.com\/massage\/contact\/\u00a0\u00bb url_new_window=\u00a0\u00bbon\u00a0\u00bb button_text=\u00a0\u00bbCONTACT\u00a0\u00bb _builder_version=\u00a0\u00bb3.16&Prime; header_font=\u00a0\u00bbComfortaa||||\u00a0\u00bb header_text_color=\u00a0\u00bb#ffffff\u00a0\u00bb header_font_size=\u00a0\u00bb16px\u00a0\u00bb body_font=\u00a0\u00bb||||\u00a0\u00bb body_text_color=\u00a0\u00bb#ffffff\u00a0\u00bb body_font_size=\u00a0\u00bb14&Prime; body_line_height=\u00a0\u00bb1.7em\u00a0\u00bb background_color=\u00a0\u00bbrgba(135,63,4,0.32)\u00a0\u00bb header_font_size_tablet=\u00a0\u00bb16px\u00a0\u00bb header_font_size_phone=\u00a0\u00bb16px\u00a0\u00bb header_letter_spacing_tablet=\u00a0\u00bb0px\u00a0\u00bb header_letter_spacing_phone=\u00a0\u00bb0px\u00a0\u00bb header_line_height_tablet=\u00a0\u00bb1em\u00a0\u00bb header_line_height_phone=\u00a0\u00bb1em\u00a0\u00bb body_font_size_tablet=\u00a0\u00bb14&Prime; body_font_size_phone=\u00a0\u00bb14&Prime; body_letter_spacing_tablet=\u00a0\u00bb0px\u00a0\u00bb body_letter_spacing_phone=\u00a0\u00bb0px\u00a0\u00bb body_line_height_tablet=\u00a0\u00bb1.7em\u00a0\u00bb body_line_height_phone=\u00a0\u00bb1.7em\u00a0\u00bb button_text_size_tablet=\u00a0\u00bb20&Prime; button_text_size_phone=\u00a0\u00bb20&Prime; button_letter_spacing_tablet=\u00a0\u00bb0&Prime; button_letter_spacing_phone=\u00a0\u00bb0&Prime; border_width_all=\u00a0\u00bb1px\u00a0\u00bb border_color_all=\u00a0\u00bb#ffffff\u00a0\u00bb border_style_all=\u00a0\u00bbsolid\u00a0\u00bb use_border_color=\u00a0\u00bbon\u00a0\u00bb border_color=\u00a0\u00bb#ffffff\u00a0\u00bb border_width=\u00a0\u00bb1px\u00a0\u00bb border_style=\u00a0\u00bbsolid\u00a0\u00bb button_border_radius_hover=\u00a0\u00bb3&Prime; button_letter_spacing_hover=\u00a0\u00bb0&Prime; global_module=\u00a0\u00bb1062&Prime; saved_tabs=\u00a0\u00bball\u00a0\u00bb button_letter_spacing_hover_tablet=\u00a0\u00bb0&Prime; button_letter_spacing_hover_phone=\u00a0\u00bb0&Prime; button_text_size__hover_enabled=\u00a0\u00bboff\u00a0\u00bb button_one_text_size__hover_enabled=\u00a0\u00bboff\u00a0\u00bb button_two_text_size__hover_enabled=\u00a0\u00bboff\u00a0\u00bb button_text_color__hover_enabled=\u00a0\u00bboff\u00a0\u00bb button_one_text_color__hover_enabled=\u00a0\u00bboff\u00a0\u00bb button_two_text_color__hover_enabled=\u00a0\u00bboff\u00a0\u00bb button_border_width__hover_enabled=\u00a0\u00bboff\u00a0\u00bb button_one_border_width__hover_enabled=\u00a0\u00bboff\u00a0\u00bb button_two_border_width__hover_enabled=\u00a0\u00bboff\u00a0\u00bb button_border_color__hover_enabled=\u00a0\u00bboff\u00a0\u00bb button_one_border_color__hover_enabled=\u00a0\u00bboff\u00a0\u00bb button_two_border_color__hover_enabled=\u00a0\u00bboff\u00a0\u00bb button_border_radius__hover_enabled=\u00a0\u00bbon\u00a0\u00bb button_border_radius__hover=\u00a0\u00bb3&Prime; button_one_border_radius__hover_enabled=\u00a0\u00bboff\u00a0\u00bb button_two_border_radius__hover_enabled=\u00a0\u00bboff\u00a0\u00bb button_letter_spacing__hover_enabled=\u00a0\u00bbon\u00a0\u00bb button_letter_spacing__hover=\u00a0\u00bb0&Prime; button_one_letter_spacing__hover_enabled=\u00a0\u00bboff\u00a0\u00bb button_two_letter_spacing__hover_enabled=\u00a0\u00bboff\u00a0\u00bb button_bg_color__hover_enabled=\u00a0\u00bboff\u00a0\u00bb button_one_bg_color__hover_enabled=\u00a0\u00bboff\u00a0\u00bb button_two_bg_color__hover_enabled=\u00a0\u00bboff\u00a0\u00bb][\/et_pb_cta][\/et_pb_column][\/et_pb_row][\/et_pb_section]<\/p>\n<div style=\"padding-bottom:20px; padding-top:10px;\" class=\"hupso-share-buttons\"><!-- Hupso Share Buttons - https:\/\/www.hupso.com\/share\/ --><a class=\"hupso_toolbar\" href=\"https:\/\/www.hupso.com\/share\/\"><img data-recalc-dims=\"1\" decoding=\"async\" src=\"https:\/\/i0.wp.com\/static.hupso.com\/share\/buttons\/lang\/fr\/share-small.png?w=1080&#038;ssl=1\" style=\"border:0px; padding-top: 5px; float:left;\" alt=\"Share Button\"\/><\/a><script type=\"text\/javascript\">var hupso_services_t=new Array(\"Facebook\",\"Linkedin\",\"Email\",\"Print\");var hupso_background_t=\"#EAF4FF\";var hupso_border_t=\"#66CCFF\";var hupso_toolbar_size_t=\"small\";var hupso_image_folder_url = \"\";var hupso_url_t=\"\";var hupso_title_t=\"Mon%20portrait\";<\/script><script type=\"text\/javascript\" src=\"https:\/\/static.hupso.com\/share\/js\/share_toolbar.js\"><\/script><!-- Hupso Share Buttons --><\/div>","protected":false},"excerpt":{"rendered":"<p>\u00a0Du plus loin que je me souvienne, j\u2019ai toujours voulu exercer un m\u00e9tier qui avait du sens et avoir du sens pour moi signifiait tourn\u00e9 vers l\u2019autre. La vie m\u2019a mise \u00e0 l\u2019\u00e9preuve en m\u2019offrant d\u2019autres routes. J\u2019ai fait pas mal de petits boulots, puis j\u2019ai travaill\u00e9 dans des services back office bourses de grandes [&hellip;]<\/p>\n","protected":false},"author":3,"featured_media":0,"parent":0,"menu_order":0,"comment_status":"closed","ping_status":"closed","template":"","meta":{"_et_pb_use_builder":"on","_et_pb_old_content":"","_et_gb_content_width":"","footnotes":""},"class_list":["post-1277","page","type-page","status-publish","hentry"],"yoast_head":"<!-- This site is optimized with the Yoast SEO plugin v27.6 - https:\/\/yoast.com\/product\/yoast-seo-wordpress\/ -->\n<title>No\u00eblle Denis -reflexologue, praticienne en Massage-Bien-Etre et Chi Nei Tsang. Son Portrait et ses formations<\/title>\n<meta name=\"description\" content=\"Rencontrez No\u00eblle Denis reflexologue, titre professionnel enregistr\u00e9 par l&#039;Etat au RNCP, praticienne en Massage-bien-Etre et en Chi-Nei-Tsang\" \/>\n<meta name=\"robots\" content=\"index, follow, max-snippet:-1, max-image-preview:large, max-video-preview:-1\" \/>\n<link rel=\"canonical\" href=\"https:\/\/www.essonne-massage.com\/massage\/mon-portrait\/\" \/>\n<meta property=\"og:locale\" content=\"fr_FR\" \/>\n<meta property=\"og:type\" content=\"article\" \/>\n<meta property=\"og:title\" content=\"No\u00eblle Denis -reflexologue, praticienne en Massage-Bien-Etre et Chi Nei Tsang. Son Portrait et ses formations\" \/>\n<meta property=\"og:description\" content=\"Rencontrez No\u00eblle Denis reflexologue, titre professionnel enregistr\u00e9 par l&#039;Etat au RNCP, praticienne en Massage-bien-Etre et en Chi-Nei-Tsang\" \/>\n<meta property=\"og:url\" content=\"https:\/\/www.essonne-massage.com\/massage\/mon-portrait\/\" \/>\n<meta property=\"og:site_name\" content=\"Essonne massage\" \/>\n<meta property=\"article:modified_time\" content=\"2021-04-23T15:41:30+00:00\" \/>\n<meta name=\"twitter:label1\" content=\"Dur\u00e9e de lecture estim\u00e9e\" \/>\n\t<meta name=\"twitter:data1\" content=\"7 minutes\" \/>\n<script type=\"application\/ld+json\" class=\"yoast-schema-graph\">{\"@context\":\"https:\\\/\\\/schema.org\",\"@graph\":[{\"@type\":\"WebPage\",\"@id\":\"https:\\\/\\\/www.essonne-massage.com\\\/massage\\\/mon-portrait\\\/\",\"url\":\"https:\\\/\\\/www.essonne-massage.com\\\/massage\\\/mon-portrait\\\/\",\"name\":\"No\u00eblle Denis -reflexologue, praticienne en Massage-Bien-Etre et Chi Nei Tsang. Son Portrait et ses formations\",\"isPartOf\":{\"@id\":\"https:\\\/\\\/www.essonne-massage.com\\\/massage\\\/#website\"},\"datePublished\":\"2017-08-28T12:59:36+00:00\",\"dateModified\":\"2021-04-23T15:41:30+00:00\",\"description\":\"Rencontrez No\u00eblle Denis reflexologue, titre professionnel enregistr\u00e9 par l'Etat au RNCP, praticienne en Massage-bien-Etre et en Chi-Nei-Tsang\",\"breadcrumb\":{\"@id\":\"https:\\\/\\\/www.essonne-massage.com\\\/massage\\\/mon-portrait\\\/#breadcrumb\"},\"inLanguage\":\"fr-FR\",\"potentialAction\":[{\"@type\":\"ReadAction\",\"target\":[\"https:\\\/\\\/www.essonne-massage.com\\\/massage\\\/mon-portrait\\\/\"]}]},{\"@type\":\"BreadcrumbList\",\"@id\":\"https:\\\/\\\/www.essonne-massage.com\\\/massage\\\/mon-portrait\\\/#breadcrumb\",\"itemListElement\":[{\"@type\":\"ListItem\",\"position\":1,\"name\":\"Accueil\",\"item\":\"https:\\\/\\\/www.essonne-massage.com\\\/massage\\\/\"},{\"@type\":\"ListItem\",\"position\":2,\"name\":\"Mon portrait\"}]},{\"@type\":\"WebSite\",\"@id\":\"https:\\\/\\\/www.essonne-massage.com\\\/massage\\\/#website\",\"url\":\"https:\\\/\\\/www.essonne-massage.com\\\/massage\\\/\",\"name\":\"Essonne massage\",\"description\":\"Massage bien-\u00eatre Chi Nei Tsang R\u00e9flexologie plantaire\",\"potentialAction\":[{\"@type\":\"SearchAction\",\"target\":{\"@type\":\"EntryPoint\",\"urlTemplate\":\"https:\\\/\\\/www.essonne-massage.com\\\/massage\\\/?s={search_term_string}\"},\"query-input\":{\"@type\":\"PropertyValueSpecification\",\"valueRequired\":true,\"valueName\":\"search_term_string\"}}],\"inLanguage\":\"fr-FR\"}]}<\/script>\n<!-- \/ Yoast SEO plugin. -->","yoast_head_json":{"title":"No\u00eblle Denis -reflexologue, praticienne en Massage-Bien-Etre et Chi Nei Tsang. Son Portrait et ses formations","description":"Rencontrez No\u00eblle Denis reflexologue, titre professionnel enregistr\u00e9 par l'Etat au RNCP, praticienne en Massage-bien-Etre et en Chi-Nei-Tsang","robots":{"index":"index","follow":"follow","max-snippet":"max-snippet:-1","max-image-preview":"max-image-preview:large","max-video-preview":"max-video-preview:-1"},"canonical":"https:\/\/www.essonne-massage.com\/massage\/mon-portrait\/","og_locale":"fr_FR","og_type":"article","og_title":"No\u00eblle Denis -reflexologue, praticienne en Massage-Bien-Etre et Chi Nei Tsang. Son Portrait et ses formations","og_description":"Rencontrez No\u00eblle Denis reflexologue, titre professionnel enregistr\u00e9 par l'Etat au RNCP, praticienne en Massage-bien-Etre et en Chi-Nei-Tsang","og_url":"https:\/\/www.essonne-massage.com\/massage\/mon-portrait\/","og_site_name":"Essonne massage","article_modified_time":"2021-04-23T15:41:30+00:00","twitter_misc":{"Dur\u00e9e de lecture estim\u00e9e":"7 minutes"},"schema":{"@context":"https:\/\/schema.org","@graph":[{"@type":"WebPage","@id":"https:\/\/www.essonne-massage.com\/massage\/mon-portrait\/","url":"https:\/\/www.essonne-massage.com\/massage\/mon-portrait\/","name":"No\u00eblle Denis -reflexologue, praticienne en Massage-Bien-Etre et Chi Nei Tsang. Son Portrait et ses formations","isPartOf":{"@id":"https:\/\/www.essonne-massage.com\/massage\/#website"},"datePublished":"2017-08-28T12:59:36+00:00","dateModified":"2021-04-23T15:41:30+00:00","description":"Rencontrez No\u00eblle Denis reflexologue, titre professionnel enregistr\u00e9 par l'Etat au RNCP, praticienne en Massage-bien-Etre et en Chi-Nei-Tsang","breadcrumb":{"@id":"https:\/\/www.essonne-massage.com\/massage\/mon-portrait\/#breadcrumb"},"inLanguage":"fr-FR","potentialAction":[{"@type":"ReadAction","target":["https:\/\/www.essonne-massage.com\/massage\/mon-portrait\/"]}]},{"@type":"BreadcrumbList","@id":"https:\/\/www.essonne-massage.com\/massage\/mon-portrait\/#breadcrumb","itemListElement":[{"@type":"ListItem","position":1,"name":"Accueil","item":"https:\/\/www.essonne-massage.com\/massage\/"},{"@type":"ListItem","position":2,"name":"Mon portrait"}]},{"@type":"WebSite","@id":"https:\/\/www.essonne-massage.com\/massage\/#website","url":"https:\/\/www.essonne-massage.com\/massage\/","name":"Essonne massage","description":"Massage bien-\u00eatre Chi Nei Tsang R\u00e9flexologie plantaire","potentialAction":[{"@type":"SearchAction","target":{"@type":"EntryPoint","urlTemplate":"https:\/\/www.essonne-massage.com\/massage\/?s={search_term_string}"},"query-input":{"@type":"PropertyValueSpecification","valueRequired":true,"valueName":"search_term_string"}}],"inLanguage":"fr-FR"}]}},"jetpack_shortlink":"https:\/\/wp.me\/P9cImd-kB","jetpack-related-posts":[],"jetpack_sharing_enabled":true,"jetpack_likes_enabled":true,"_links":{"self":[{"href":"https:\/\/www.essonne-massage.com\/massage\/wp-json\/wp\/v2\/pages\/1277","targetHints":{"allow":["GET"]}}],"collection":[{"href":"https:\/\/www.essonne-massage.com\/massage\/wp-json\/wp\/v2\/pages"}],"about":[{"href":"https:\/\/www.essonne-massage.com\/massage\/wp-json\/wp\/v2\/types\/page"}],"author":[{"embeddable":true,"href":"https:\/\/www.essonne-massage.com\/massage\/wp-json\/wp\/v2\/users\/3"}],"replies":[{"embeddable":true,"href":"https:\/\/www.essonne-massage.com\/massage\/wp-json\/wp\/v2\/comments?post=1277"}],"version-history":[{"count":43,"href":"https:\/\/www.essonne-massage.com\/massage\/wp-json\/wp\/v2\/pages\/1277\/revisions"}],"predecessor-version":[{"id":3138,"href":"https:\/\/www.essonne-massage.com\/massage\/wp-json\/wp\/v2\/pages\/1277\/revisions\/3138"}],"wp:attachment":[{"href":"https:\/\/www.essonne-massage.com\/massage\/wp-json\/wp\/v2\/media?parent=1277"}],"curies":[{"name":"wp","href":"https:\/\/api.w.org\/{rel}","templated":true}]}}