{"id":1274,"date":"2017-08-28T13:58:46","date_gmt":"2017-08-28T12:58:46","guid":{"rendered":"http:\/\/www.essonne-massage.com\/massage\/?page_id=1274"},"modified":"2019-10-09T10:15:40","modified_gmt":"2019-10-09T09:15:40","slug":"visitez-mon-cabinet","status":"publish","type":"page","link":"https:\/\/www.essonne-massage.com\/massage\/visitez-mon-cabinet\/","title":{"rendered":"Visitez mon cabinet"},"content":{"rendered":"<p>[et_pb_section fb_built=\u00a0\u00bb1&Prime; fullwidth=\u00a0\u00bbon\u00a0\u00bb _builder_version=\u00a0\u00bb3.22&Prime; bb_built=\u00a0\u00bb1&Prime; _i=\u00a0\u00bb0&Prime; _address=\u00a0\u00bb0&Prime;][et_pb_fullwidth_header title=\u00a0\u00bbVisitez mon cabinet\u00a0\u00bb background_overlay_color=\u00a0\u00bbrgba(165,101,61,0.65)\u00a0\u00bb content_max_width=\u00a0\u00bbnone\u00a0\u00bb _builder_version=\u00a0\u00bb3.16&Prime; title_text_color=\u00a0\u00bb#ffffff\u00a0\u00bb background_color=\u00a0\u00bbrgba(255, 255, 255, 0)\u00a0\u00bb background_image=\u00a0\u00bbhttp:\/\/www.essonne-massage.com\/massage\/wp-content\/uploads\/2017\/08\/photo-18595-03.jpg\u00a0\u00bb background_layout=\u00a0\u00bblight\u00a0\u00bb _i=\u00a0\u00bb0&Prime; _address=\u00a0\u00bb0.0&Prime; button_one_text_size__hover_enabled=\u00a0\u00bboff\u00a0\u00bb button_two_text_size__hover_enabled=\u00a0\u00bboff\u00a0\u00bb button_one_text_color__hover_enabled=\u00a0\u00bboff\u00a0\u00bb button_two_text_color__hover_enabled=\u00a0\u00bboff\u00a0\u00bb button_one_border_width__hover_enabled=\u00a0\u00bboff\u00a0\u00bb button_two_border_width__hover_enabled=\u00a0\u00bboff\u00a0\u00bb button_one_border_color__hover_enabled=\u00a0\u00bboff\u00a0\u00bb button_two_border_color__hover_enabled=\u00a0\u00bboff\u00a0\u00bb button_one_border_radius__hover_enabled=\u00a0\u00bboff\u00a0\u00bb button_two_border_radius__hover_enabled=\u00a0\u00bboff\u00a0\u00bb button_one_letter_spacing__hover_enabled=\u00a0\u00bboff\u00a0\u00bb button_two_letter_spacing__hover_enabled=\u00a0\u00bboff\u00a0\u00bb button_one_bg_color__hover_enabled=\u00a0\u00bboff\u00a0\u00bb button_two_bg_color__hover_enabled=\u00a0\u00bboff\u00a0\u00bb][\/et_pb_fullwidth_header][\/et_pb_section][et_pb_section fb_built=\u00a0\u00bb1&Prime; _builder_version=\u00a0\u00bb3.22&Prime; bb_built=\u00a0\u00bb1&Prime; _i=\u00a0\u00bb1&Prime; _address=\u00a0\u00bb1&Prime;][et_pb_row _builder_version=\u00a0\u00bb3.25&Prime; background_size=\u00a0\u00bbinitial\u00a0\u00bb background_position=\u00a0\u00bbtop_left\u00a0\u00bb background_repeat=\u00a0\u00bbrepeat\u00a0\u00bb _i=\u00a0\u00bb0&Prime; _address=\u00a0\u00bb1.0&Prime; column_structure=\u00a0\u00bb1_4,3_4&Prime;][et_pb_column type=\u00a0\u00bb1_4&Prime; _builder_version=\u00a0\u00bb3.25&Prime; custom_padding=\u00a0\u00bb|||\u00a0\u00bb _i=\u00a0\u00bb0&Prime; _address=\u00a0\u00bb1.0.0&Prime; custom_padding__hover=\u00a0\u00bb|||\u00a0\u00bb][et_pb_image src=\u00a0\u00bbhttp:\/\/www.essonne-massage.com\/massage\/wp-content\/uploads\/2017\/02\/arbre-beige-det2-copie.jpg\u00a0\u00bb align_tablet=\u00a0\u00bbcenter\u00a0\u00bb align_last_edited=\u00a0\u00bbon|desktop\u00a0\u00bb admin_label=\u00a0\u00bbLogo\u00a0\u00bb _builder_version=\u00a0\u00bb3.23&Prime; animation_style=\u00a0\u00bbslide\u00a0\u00bb animation_direction=\u00a0\u00bbleft\u00a0\u00bb animation_duration=\u00a0\u00bb500ms\u00a0\u00bb animation_intensity_slide=\u00a0\u00bb10%\u00a0\u00bb sticky=\u00a0\u00bboff\u00a0\u00bb border_style=\u00a0\u00bbsolid\u00a0\u00bb always_center_on_mobile=\u00a0\u00bbon\u00a0\u00bb _i=\u00a0\u00bb0&Prime; _address=\u00a0\u00bb1.0.0.0&Prime;][\/et_pb_image][et_pb_text _builder_version=\u00a0\u00bb3.29.2&Prime; hover_enabled=\u00a0\u00bb0&Prime; border_style=\u00a0\u00bbsolid\u00a0\u00bb _i=\u00a0\u00bb1&Prime; _address=\u00a0\u00bb1.0.0.1&Prime;]<\/p>\n<p><span style=\"color: #7a7979; font-size: medium;\"><em><span style=\"font-family: Calibri;\">Mon cabinet, \u00ab\u00a0Deux mains c\u2019est No\u00eblle\u00a0\u00bb, lieu destin\u00e9 au mieux-\u00eatre, est situ\u00e9 en plein c\u0153ur de Montgeron, en Essonne.<\/span><\/em><\/span><\/p>\n<p><span style=\"color: #7a7979; font-family: Calibri; font-size: medium;\"><em>J\u2019ai voulu un endroit chaleureux, d\u00e9paysant, vous offrant une v\u00e9ritable pause dans votre vie quotidienne. Un lieu dans lequel on se sent bien d\u00e8s que l\u2019on franchit la porte. Un endroit favorisant l\u2019\u00e9coute, le ressourcement, le bien-\u00eatre. Un lieu dont vous repartirez plus l\u00e9ger(e) que vous n\u2019y \u00eates entr\u00e9(e).\u00a0\u00bb<\/em> <\/span><\/p>\n<p>No\u00eblle Denis<\/p>\n<p>[\/et_pb_text][\/et_pb_column][et_pb_column type=\u00a0\u00bb3_4&Prime; _builder_version=\u00a0\u00bb3.25&Prime; custom_padding=\u00a0\u00bb|||\u00a0\u00bb _i=\u00a0\u00bb1&Prime; _address=\u00a0\u00bb1.0.1&Prime; custom_padding__hover=\u00a0\u00bb|||\u00a0\u00bb][et_pb_gallery gallery_ids=\u00a0\u00bb1360,1361,1362,1363,1364,1365,1366,1367,1368,1369,1370&Prime; posts_number=\u00a0\u00bb12&Prime; show_title_and_caption=\u00a0\u00bboff\u00a0\u00bb zoom_icon_color=\u00a0\u00bbrgba(255,255,255,0.76)\u00a0\u00bb hover_overlay_color=\u00a0\u00bbrgba(58,6,0,0.85)\u00a0\u00bb _builder_version=\u00a0\u00bb3.0.87&Prime; title_font_size=\u00a0\u00bb23&Prime; border_width_all=\u00a0\u00bb10px\u00a0\u00bb border_color_all=\u00a0\u00bb#c1c1c1&Prime; border_style_all=\u00a0\u00bbsolid\u00a0\u00bb use_border_color=\u00a0\u00bbon\u00a0\u00bb border_color=\u00a0\u00bb#c1c1c1&Prime; border_width=\u00a0\u00bb10px\u00a0\u00bb border_style=\u00a0\u00bbsolid\u00a0\u00bb _i=\u00a0\u00bb0&Prime; _address=\u00a0\u00bb1.0.1.0&Prime;][\/et_pb_gallery][et_pb_text _builder_version=\u00a0\u00bb3.27.4&Prime; text_font=\u00a0\u00bbComfortaa||||\u00a0\u00bb text_text_color=\u00a0\u00bb#cecece\u00a0\u00bb border_style=\u00a0\u00bbsolid\u00a0\u00bb _i=\u00a0\u00bb1&Prime; _address=\u00a0\u00bb1.0.1.1&Prime;]<span style=\"color: #999999;\">No\u00eblle Denis<em>\u00a0 &#8211; <\/em>Massage Bien-Etre \/ R\u00e9flexologie plantaire \/ Chi Nei Tsang<\/span><\/p>\n<p><span style=\"color: #999999;\">14, rue Povoa de Varzim &#8211; 91230 Montgeron<\/span><br \/>\n[\/et_pb_text][\/et_pb_column][\/et_pb_row][\/et_pb_section][et_pb_section fb_built=\u00a0\u00bb1&Prime; _builder_version=\u00a0\u00bb3.22&Prime; background_color=\u00a0\u00bbrgba(211,211,211,0.23)\u00a0\u00bb bb_built=\u00a0\u00bb1&Prime; _i=\u00a0\u00bb2&Prime; _address=\u00a0\u00bb2&Prime;][et_pb_row _builder_version=\u00a0\u00bb3.25&Prime; background_size=\u00a0\u00bbinitial\u00a0\u00bb background_position=\u00a0\u00bbtop_left\u00a0\u00bb background_repeat=\u00a0\u00bbrepeat\u00a0\u00bb _i=\u00a0\u00bb0&Prime; _address=\u00a0\u00bb2.0&Prime;][et_pb_column type=\u00a0\u00bb4_4&Prime; _builder_version=\u00a0\u00bb3.25&Prime; custom_padding=\u00a0\u00bb|||\u00a0\u00bb _i=\u00a0\u00bb0&Prime; _address=\u00a0\u00bb2.0.0&Prime; custom_padding__hover=\u00a0\u00bb|||\u00a0\u00bb][et_pb_cta title=\u00a0\u00bbBesoin d&rsquo;une pr\u00e9cision, d&rsquo;un renseignement&#8230; N&rsquo;h\u00e9sitez pas \u00e0 me consulter pour en savoir plus\u00a0\u00bb button_url=\u00a0\u00bbhttp:\/\/www.essonne-massage.com\/massage\/contact\/\u00a0\u00bb url_new_window=\u00a0\u00bbon\u00a0\u00bb button_text=\u00a0\u00bbCONTACT\u00a0\u00bb _builder_version=\u00a0\u00bb3.16&Prime; header_font=\u00a0\u00bbComfortaa||||\u00a0\u00bb header_text_color=\u00a0\u00bb#ffffff\u00a0\u00bb header_font_size=\u00a0\u00bb16px\u00a0\u00bb body_font=\u00a0\u00bb||||\u00a0\u00bb body_text_color=\u00a0\u00bb#ffffff\u00a0\u00bb body_font_size=\u00a0\u00bb14&Prime; body_line_height=\u00a0\u00bb1.7em\u00a0\u00bb background_color=\u00a0\u00bbrgba(135,63,4,0.32)\u00a0\u00bb header_font_size_tablet=\u00a0\u00bb16px\u00a0\u00bb header_font_size_phone=\u00a0\u00bb16px\u00a0\u00bb header_letter_spacing_tablet=\u00a0\u00bb0px\u00a0\u00bb header_letter_spacing_phone=\u00a0\u00bb0px\u00a0\u00bb header_line_height_tablet=\u00a0\u00bb1em\u00a0\u00bb header_line_height_phone=\u00a0\u00bb1em\u00a0\u00bb body_font_size_tablet=\u00a0\u00bb14&Prime; body_font_size_phone=\u00a0\u00bb14&Prime; body_letter_spacing_tablet=\u00a0\u00bb0px\u00a0\u00bb body_letter_spacing_phone=\u00a0\u00bb0px\u00a0\u00bb body_line_height_tablet=\u00a0\u00bb1.7em\u00a0\u00bb body_line_height_phone=\u00a0\u00bb1.7em\u00a0\u00bb button_text_size_tablet=\u00a0\u00bb20&Prime; button_text_size_phone=\u00a0\u00bb20&Prime; button_letter_spacing_tablet=\u00a0\u00bb0&Prime; button_letter_spacing_phone=\u00a0\u00bb0&Prime; border_width_all=\u00a0\u00bb1px\u00a0\u00bb border_color_all=\u00a0\u00bb#ffffff\u00a0\u00bb border_style_all=\u00a0\u00bbsolid\u00a0\u00bb use_border_color=\u00a0\u00bbon\u00a0\u00bb border_color=\u00a0\u00bb#ffffff\u00a0\u00bb border_width=\u00a0\u00bb1px\u00a0\u00bb border_style=\u00a0\u00bbsolid\u00a0\u00bb button_border_radius_hover=\u00a0\u00bb3&Prime; button_letter_spacing_hover=\u00a0\u00bb0&Prime; global_module=\u00a0\u00bb1062&Prime; saved_tabs=\u00a0\u00bball\u00a0\u00bb _i=\u00a0\u00bb0&Prime; _address=\u00a0\u00bb2.0.0.0&Prime; button_text_size__hover_enabled=\u00a0\u00bboff\u00a0\u00bb button_one_text_size__hover_enabled=\u00a0\u00bboff\u00a0\u00bb button_two_text_size__hover_enabled=\u00a0\u00bboff\u00a0\u00bb button_text_color__hover_enabled=\u00a0\u00bboff\u00a0\u00bb button_one_text_color__hover_enabled=\u00a0\u00bboff\u00a0\u00bb button_two_text_color__hover_enabled=\u00a0\u00bboff\u00a0\u00bb button_border_width__hover_enabled=\u00a0\u00bboff\u00a0\u00bb button_one_border_width__hover_enabled=\u00a0\u00bboff\u00a0\u00bb button_two_border_width__hover_enabled=\u00a0\u00bboff\u00a0\u00bb button_border_color__hover_enabled=\u00a0\u00bboff\u00a0\u00bb button_one_border_color__hover_enabled=\u00a0\u00bboff\u00a0\u00bb button_two_border_color__hover_enabled=\u00a0\u00bboff\u00a0\u00bb button_border_radius__hover_enabled=\u00a0\u00bbon\u00a0\u00bb button_border_radius__hover=\u00a0\u00bb3&Prime; button_one_border_radius__hover_enabled=\u00a0\u00bboff\u00a0\u00bb button_two_border_radius__hover_enabled=\u00a0\u00bboff\u00a0\u00bb button_letter_spacing__hover_enabled=\u00a0\u00bbon\u00a0\u00bb button_letter_spacing__hover=\u00a0\u00bb0&Prime; button_one_letter_spacing__hover_enabled=\u00a0\u00bboff\u00a0\u00bb button_two_letter_spacing__hover_enabled=\u00a0\u00bboff\u00a0\u00bb button_bg_color__hover_enabled=\u00a0\u00bboff\u00a0\u00bb button_one_bg_color__hover_enabled=\u00a0\u00bboff\u00a0\u00bb button_two_bg_color__hover_enabled=\u00a0\u00bboff\u00a0\u00bb][\/et_pb_cta][\/et_pb_column][\/et_pb_row][\/et_pb_section]<\/p>\n<div style=\"padding-bottom:20px; padding-top:10px;\" class=\"hupso-share-buttons\"><!-- Hupso Share Buttons - https:\/\/www.hupso.com\/share\/ --><a class=\"hupso_toolbar\" href=\"https:\/\/www.hupso.com\/share\/\"><img data-recalc-dims=\"1\" decoding=\"async\" src=\"https:\/\/i0.wp.com\/static.hupso.com\/share\/buttons\/lang\/fr\/share-small.png?w=1080&#038;ssl=1\" style=\"border:0px; padding-top: 5px; float:left;\" alt=\"Share Button\"\/><\/a><script type=\"text\/javascript\">var hupso_services_t=new Array(\"Facebook\",\"Linkedin\",\"Email\",\"Print\");var hupso_background_t=\"#EAF4FF\";var hupso_border_t=\"#66CCFF\";var hupso_toolbar_size_t=\"small\";var hupso_image_folder_url = \"\";var hupso_url_t=\"\";var hupso_title_t=\"Visitez%20mon%20cabinet\";<\/script><script type=\"text\/javascript\" src=\"https:\/\/static.hupso.com\/share\/js\/share_toolbar.js\"><\/script><!-- Hupso Share Buttons --><\/div>","protected":false},"excerpt":{"rendered":"<p>Mon cabinet, \u00ab\u00a0Deux mains c\u2019est No\u00eblle\u00a0\u00bb, lieu destin\u00e9 au mieux-\u00eatre, est situ\u00e9 en plein c\u0153ur de Montgeron, en Essonne. J\u2019ai voulu un endroit chaleureux, d\u00e9paysant, vous offrant une v\u00e9ritable pause dans votre vie quotidienne. Un lieu dans lequel on se sent bien d\u00e8s que l\u2019on franchit la porte. Un endroit favorisant l\u2019\u00e9coute, le ressourcement, le [&hellip;]<\/p>\n","protected":false},"author":3,"featured_media":0,"parent":0,"menu_order":0,"comment_status":"closed","ping_status":"closed","template":"","meta":{"_et_pb_use_builder":"on","_et_pb_old_content":"<p>[et_pb_section bb_built=\"1\"][et_pb_row][\/et_pb_row][\/et_pb_section][et_pb_section bb_built=\"1\" fullwidth=\"on\" specialty=\"off\"][et_pb_fullwidth_header \/][\/et_pb_section]<\/p>","_et_gb_content_width":"","footnotes":""},"class_list":["post-1274","page","type-page","status-publish","hentry"],"yoast_head":"<!-- This site is optimized with the Yoast SEO plugin v27.6 - https:\/\/yoast.com\/product\/yoast-seo-wordpress\/ -->\n<title>D\u00e9couvrez le cabinet Bien Etre \u00e0 Montgeron, cr\u00e9\u00e9 par No\u00eblle Denis, en photos<\/title>\n<meta name=\"description\" content=\"Visitez le cabinet Bien Etre \u00e0 Montgeron cr\u00e9\u00e9 par No\u00eblle Denis. Un lieu d\u00e9di\u00e9 \u00e0 la r\u00e9flexologie, au Massage-Bien-Etre et au Chi Nei Tsang\" \/>\n<meta name=\"robots\" content=\"index, follow, max-snippet:-1, max-image-preview:large, max-video-preview:-1\" \/>\n<link rel=\"canonical\" href=\"https:\/\/www.essonne-massage.com\/massage\/visitez-mon-cabinet\/\" \/>\n<meta property=\"og:locale\" content=\"fr_FR\" \/>\n<meta property=\"og:type\" content=\"article\" \/>\n<meta property=\"og:title\" content=\"D\u00e9couvrez le cabinet Bien Etre \u00e0 Montgeron, cr\u00e9\u00e9 par No\u00eblle Denis, en photos\" \/>\n<meta property=\"og:description\" content=\"Visitez le cabinet Bien Etre \u00e0 Montgeron cr\u00e9\u00e9 par No\u00eblle Denis. Un lieu d\u00e9di\u00e9 \u00e0 la r\u00e9flexologie, au Massage-Bien-Etre et au Chi Nei Tsang\" \/>\n<meta property=\"og:url\" content=\"https:\/\/www.essonne-massage.com\/massage\/visitez-mon-cabinet\/\" \/>\n<meta property=\"og:site_name\" content=\"Essonne massage\" \/>\n<meta property=\"article:modified_time\" content=\"2019-10-09T09:15:40+00:00\" \/>\n<meta name=\"twitter:label1\" content=\"Dur\u00e9e de lecture estim\u00e9e\" \/>\n\t<meta name=\"twitter:data1\" content=\"4 minutes\" \/>\n<script type=\"application\/ld+json\" class=\"yoast-schema-graph\">{\"@context\":\"https:\\\/\\\/schema.org\",\"@graph\":[{\"@type\":\"WebPage\",\"@id\":\"https:\\\/\\\/www.essonne-massage.com\\\/massage\\\/visitez-mon-cabinet\\\/\",\"url\":\"https:\\\/\\\/www.essonne-massage.com\\\/massage\\\/visitez-mon-cabinet\\\/\",\"name\":\"D\u00e9couvrez le cabinet Bien Etre \u00e0 Montgeron, cr\u00e9\u00e9 par No\u00eblle Denis, en photos\",\"isPartOf\":{\"@id\":\"https:\\\/\\\/www.essonne-massage.com\\\/massage\\\/#website\"},\"datePublished\":\"2017-08-28T12:58:46+00:00\",\"dateModified\":\"2019-10-09T09:15:40+00:00\",\"description\":\"Visitez le cabinet Bien Etre \u00e0 Montgeron cr\u00e9\u00e9 par No\u00eblle Denis. Un lieu d\u00e9di\u00e9 \u00e0 la r\u00e9flexologie, au Massage-Bien-Etre et au Chi Nei Tsang\",\"breadcrumb\":{\"@id\":\"https:\\\/\\\/www.essonne-massage.com\\\/massage\\\/visitez-mon-cabinet\\\/#breadcrumb\"},\"inLanguage\":\"fr-FR\",\"potentialAction\":[{\"@type\":\"ReadAction\",\"target\":[\"https:\\\/\\\/www.essonne-massage.com\\\/massage\\\/visitez-mon-cabinet\\\/\"]}]},{\"@type\":\"BreadcrumbList\",\"@id\":\"https:\\\/\\\/www.essonne-massage.com\\\/massage\\\/visitez-mon-cabinet\\\/#breadcrumb\",\"itemListElement\":[{\"@type\":\"ListItem\",\"position\":1,\"name\":\"Accueil\",\"item\":\"https:\\\/\\\/www.essonne-massage.com\\\/massage\\\/\"},{\"@type\":\"ListItem\",\"position\":2,\"name\":\"Visitez mon cabinet\"}]},{\"@type\":\"WebSite\",\"@id\":\"https:\\\/\\\/www.essonne-massage.com\\\/massage\\\/#website\",\"url\":\"https:\\\/\\\/www.essonne-massage.com\\\/massage\\\/\",\"name\":\"Essonne massage\",\"description\":\"Massage bien-\u00eatre Chi Nei Tsang R\u00e9flexologie plantaire\",\"potentialAction\":[{\"@type\":\"SearchAction\",\"target\":{\"@type\":\"EntryPoint\",\"urlTemplate\":\"https:\\\/\\\/www.essonne-massage.com\\\/massage\\\/?s={search_term_string}\"},\"query-input\":{\"@type\":\"PropertyValueSpecification\",\"valueRequired\":true,\"valueName\":\"search_term_string\"}}],\"inLanguage\":\"fr-FR\"}]}<\/script>\n<!-- \/ Yoast SEO plugin. -->","yoast_head_json":{"title":"D\u00e9couvrez le cabinet Bien Etre \u00e0 Montgeron, cr\u00e9\u00e9 par No\u00eblle Denis, en photos","description":"Visitez le cabinet Bien Etre \u00e0 Montgeron cr\u00e9\u00e9 par No\u00eblle Denis. Un lieu d\u00e9di\u00e9 \u00e0 la r\u00e9flexologie, au Massage-Bien-Etre et au Chi Nei Tsang","robots":{"index":"index","follow":"follow","max-snippet":"max-snippet:-1","max-image-preview":"max-image-preview:large","max-video-preview":"max-video-preview:-1"},"canonical":"https:\/\/www.essonne-massage.com\/massage\/visitez-mon-cabinet\/","og_locale":"fr_FR","og_type":"article","og_title":"D\u00e9couvrez le cabinet Bien Etre \u00e0 Montgeron, cr\u00e9\u00e9 par No\u00eblle Denis, en photos","og_description":"Visitez le cabinet Bien Etre \u00e0 Montgeron cr\u00e9\u00e9 par No\u00eblle Denis. Un lieu d\u00e9di\u00e9 \u00e0 la r\u00e9flexologie, au Massage-Bien-Etre et au Chi Nei Tsang","og_url":"https:\/\/www.essonne-massage.com\/massage\/visitez-mon-cabinet\/","og_site_name":"Essonne massage","article_modified_time":"2019-10-09T09:15:40+00:00","twitter_misc":{"Dur\u00e9e de lecture estim\u00e9e":"4 minutes"},"schema":{"@context":"https:\/\/schema.org","@graph":[{"@type":"WebPage","@id":"https:\/\/www.essonne-massage.com\/massage\/visitez-mon-cabinet\/","url":"https:\/\/www.essonne-massage.com\/massage\/visitez-mon-cabinet\/","name":"D\u00e9couvrez le cabinet Bien Etre \u00e0 Montgeron, cr\u00e9\u00e9 par No\u00eblle Denis, en photos","isPartOf":{"@id":"https:\/\/www.essonne-massage.com\/massage\/#website"},"datePublished":"2017-08-28T12:58:46+00:00","dateModified":"2019-10-09T09:15:40+00:00","description":"Visitez le cabinet Bien Etre \u00e0 Montgeron cr\u00e9\u00e9 par No\u00eblle Denis. Un lieu d\u00e9di\u00e9 \u00e0 la r\u00e9flexologie, au Massage-Bien-Etre et au Chi Nei Tsang","breadcrumb":{"@id":"https:\/\/www.essonne-massage.com\/massage\/visitez-mon-cabinet\/#breadcrumb"},"inLanguage":"fr-FR","potentialAction":[{"@type":"ReadAction","target":["https:\/\/www.essonne-massage.com\/massage\/visitez-mon-cabinet\/"]}]},{"@type":"BreadcrumbList","@id":"https:\/\/www.essonne-massage.com\/massage\/visitez-mon-cabinet\/#breadcrumb","itemListElement":[{"@type":"ListItem","position":1,"name":"Accueil","item":"https:\/\/www.essonne-massage.com\/massage\/"},{"@type":"ListItem","position":2,"name":"Visitez mon cabinet"}]},{"@type":"WebSite","@id":"https:\/\/www.essonne-massage.com\/massage\/#website","url":"https:\/\/www.essonne-massage.com\/massage\/","name":"Essonne massage","description":"Massage bien-\u00eatre Chi Nei Tsang R\u00e9flexologie plantaire","potentialAction":[{"@type":"SearchAction","target":{"@type":"EntryPoint","urlTemplate":"https:\/\/www.essonne-massage.com\/massage\/?s={search_term_string}"},"query-input":{"@type":"PropertyValueSpecification","valueRequired":true,"valueName":"search_term_string"}}],"inLanguage":"fr-FR"}]}},"jetpack_shortlink":"https:\/\/wp.me\/P9cImd-ky","jetpack-related-posts":[],"jetpack_sharing_enabled":true,"jetpack_likes_enabled":true,"_links":{"self":[{"href":"https:\/\/www.essonne-massage.com\/massage\/wp-json\/wp\/v2\/pages\/1274","targetHints":{"allow":["GET"]}}],"collection":[{"href":"https:\/\/www.essonne-massage.com\/massage\/wp-json\/wp\/v2\/pages"}],"about":[{"href":"https:\/\/www.essonne-massage.com\/massage\/wp-json\/wp\/v2\/types\/page"}],"author":[{"embeddable":true,"href":"https:\/\/www.essonne-massage.com\/massage\/wp-json\/wp\/v2\/users\/3"}],"replies":[{"embeddable":true,"href":"https:\/\/www.essonne-massage.com\/massage\/wp-json\/wp\/v2\/comments?post=1274"}],"version-history":[{"count":13,"href":"https:\/\/www.essonne-massage.com\/massage\/wp-json\/wp\/v2\/pages\/1274\/revisions"}],"predecessor-version":[{"id":2619,"href":"https:\/\/www.essonne-massage.com\/massage\/wp-json\/wp\/v2\/pages\/1274\/revisions\/2619"}],"wp:attachment":[{"href":"https:\/\/www.essonne-massage.com\/massage\/wp-json\/wp\/v2\/media?parent=1274"}],"curies":[{"name":"wp","href":"https:\/\/api.w.org\/{rel}","templated":true}]}}